{"id":521,"date":"2025-06-23T08:32:56","date_gmt":"2025-06-23T13:32:56","guid":{"rendered":"https:\/\/caffar.com\/?post_type=product&#038;p=521"},"modified":"2025-06-24T04:11:51","modified_gmt":"2025-06-24T09:11:51","slug":"gestion-hotelera","status":"publish","type":"product","link":"https:\/\/caffar.com\/en\/product\/gestion-hotelera\/","title":{"rendered":"Cuidado dental"},"content":{"rendered":"<div id=\"content\" class=\"site-content\">\n<div class=\"ast-container\">\n<div id=\"primary\" class=\"content-area primary\"><main id=\"main\" class=\"site-main\"><\/p>\n<article id=\"post-467\" class=\"post-467 sfwd-courses type-sfwd-courses status-publish has-post-thumbnail hentry ast-article-single\">\n<div class=\"ast-post-format- single-layout-1\">\n<div class=\"entry-content clear\">\n<div id=\"learndash_post_467\" class=\"learndash learndash_post_sfwd-courses user_has_access\">\n<div class=\"learndash-wrapper\">\n<div class=\"ld-tabs ld-tab-count-1\">\n<div class=\"ld-tabs-content\">\n<div id=\"ld-tab-content-467\" class=\"ld-tab-content ld-visible\" tabindex=\"0\" role=\"tabpanel\" aria-labelledby=\"content\">\n<p>Ha sobrevivido no s\u00f3lo cinco siglos, sino tambi\u00e9n el salto a la composici\u00f3n tipogr\u00e1fica electr\u00f3nica, manteni\u00e9ndose esencialmente inalterado.<\/p>\n<\/div>\n<\/div>\n<\/div>\n<\/div>\n<\/div>\n<\/div>\n<\/div>\n<\/article>\n<p><\/main><\/div>\n<\/div>\n<\/div>\n<footer class=\"elementor elementor-146 elementor-location-footer\" data-elementor-type=\"footer\" data-elementor-id=\"146\" data-elementor-post-type=\"elementor_library\">\n<div class=\"elementor-element elementor-element-8620b68 e-flex e-con-boxed e-con e-parent e-lazyloaded\" data-id=\"8620b68\" data-element_type=\"container\" data-settings=\"{&quot;background_background&quot;:&quot;gradient&quot;}\">\n<div class=\"e-con-inner\">\n<div class=\"elementor-element elementor-element-6ca6e0f e-con-full e-flex e-con e-child\" data-id=\"6ca6e0f\" data-element_type=\"container\">\n<div class=\"elementor-element elementor-element-9dce0b9 elementor-widget elementor-widget-heading\" data-id=\"9dce0b9\" data-element_type=\"widget\" data-widget_type=\"heading.default\">\n<div class=\"elementor-widget-container\"><\/div>\n<\/div>\n<\/div>\n<\/div>\n<\/div>\n<\/footer>","protected":false},"excerpt":{"rendered":"<p>Ha sobrevivido no s\u00f3lo cinco siglos, sino tambi\u00e9n el salto a la composici\u00f3n tipogr\u00e1fica electr\u00f3nica, manteni\u00e9ndose esencialmente inalterado.<\/p>","protected":false},"featured_media":128,"comment_status":"open","ping_status":"closed","template":"","meta":{"postBodyCss":"","postBodyMargin":[],"postBodyPadding":[],"postBodyBackground":{"backgroundType":"classic","gradient":""},"site-sidebar-layout":"default","site-content-layout":"","ast-site-content-layout":"default","site-content-style":"default","site-sidebar-style":"default","ast-global-header-display":"","ast-banner-title-visibility":"","ast-main-header-display":"","ast-hfb-above-header-display":"","ast-hfb-below-header-display":"","ast-hfb-mobile-header-display":"","site-post-title":"","ast-breadcrumbs-content":"","ast-featured-img":"","footer-sml-layout":"","theme-transparent-header-meta":"default","adv-header-id-meta":"","stick-header-meta":"","header-above-stick-meta":"","header-main-stick-meta":"","header-below-stick-meta":"","astra-migrate-meta-layouts":"set","ast-page-background-enabled":"default","ast-page-background-meta":{"desktop":{"background-color":"var(--ast-global-color-5)","background-image":"","background-repeat":"repeat","background-position":"center center","background-size":"auto","background-attachment":"scroll","background-type":"","background-media":"","overlay-type":"","overlay-color":"","overlay-opacity":"","overlay-gradient":""},"tablet":{"background-color":"","background-image":"","background-repeat":"repeat","background-position":"center center","background-size":"auto","background-attachment":"scroll","background-type":"","background-media":"","overlay-type":"","overlay-color":"","overlay-opacity":"","overlay-gradient":""},"mobile":{"background-color":"","background-image":"","background-repeat":"repeat","background-position":"center center","background-size":"auto","background-attachment":"scroll","background-type":"","background-media":"","overlay-type":"","overlay-color":"","overlay-opacity":"","overlay-gradient":""}},"ast-content-background-meta":{"desktop":{"background-color":"var(--ast-global-color-4)","background-image":"","background-repeat":"repeat","background-position":"center center","background-size":"auto","background-attachment":"scroll","background-type":"","background-media":"","overlay-type":"","overlay-color":"","overlay-opacity":"","overlay-gradient":""},"tablet":{"background-color":"var(--ast-global-color-4)","background-image":"","background-repeat":"repeat","background-position":"center center","background-size":"auto","background-attachment":"scroll","background-type":"","background-media":"","overlay-type":"","overlay-color":"","overlay-opacity":"","overlay-gradient":""},"mobile":{"background-color":"var(--ast-global-color-4)","background-image":"","background-repeat":"repeat","background-position":"center center","background-size":"auto","background-attachment":"scroll","background-type":"","background-media":"","overlay-type":"","overlay-color":"","overlay-opacity":"","overlay-gradient":""}}},"product_brand":[],"product_cat":[15],"product_tag":[],"class_list":{"0":"post-521","1":"product","2":"type-product","3":"status-publish","4":"has-post-thumbnail","6":"product_cat-uncategorized","7":"desktop-align-left","8":"tablet-align-left","9":"mobile-align-left","11":"first","12":"instock","13":"sale","14":"shipping-taxable","15":"purchasable","16":"product-type-simple"},"jetpack_sharing_enabled":true,"_links":{"self":[{"href":"https:\/\/caffar.com\/en\/wp-json\/wp\/v2\/product\/521","targetHints":{"allow":["GET"]}}],"collection":[{"href":"https:\/\/caffar.com\/en\/wp-json\/wp\/v2\/product"}],"about":[{"href":"https:\/\/caffar.com\/en\/wp-json\/wp\/v2\/types\/product"}],"replies":[{"embeddable":true,"href":"https:\/\/caffar.com\/en\/wp-json\/wp\/v2\/comments?post=521"}],"wp:featuredmedia":[{"embeddable":true,"href":"https:\/\/caffar.com\/en\/wp-json\/wp\/v2\/media\/128"}],"wp:attachment":[{"href":"https:\/\/caffar.com\/en\/wp-json\/wp\/v2\/media?parent=521"}],"wp:term":[{"taxonomy":"product_brand","embeddable":true,"href":"https:\/\/caffar.com\/en\/wp-json\/wp\/v2\/product_brand?post=521"},{"taxonomy":"product_cat","embeddable":true,"href":"https:\/\/caffar.com\/en\/wp-json\/wp\/v2\/product_cat?post=521"},{"taxonomy":"product_tag","embeddable":true,"href":"https:\/\/caffar.com\/en\/wp-json\/wp\/v2\/product_tag?post=521"}],"curies":[{"name":"wp","href":"https:\/\/api.w.org\/{rel}","templated":true}]}}